{"id":145,"date":"2024-09-18T13:09:16","date_gmt":"2024-09-18T13:09:16","guid":{"rendered":"https:\/\/therischlawfirm.com\/application\/?page_id=145"},"modified":"2025-02-06T15:16:31","modified_gmt":"2025-02-06T18:16:31","slug":"direito-empresarial","status":"publish","type":"page","link":"https:\/\/therischlawfirm.com\/en\/direito-empresarial\/","title":{"rendered":"Corporate Law"},"content":{"rendered":"<div data-elementor-type=\"wp-page\" data-elementor-id=\"145\" class=\"elementor elementor-145\" data-elementor-post-type=\"page\">\n\t\t\t\t<div class=\"elementor-element elementor-element-bf1a424 e-flex e-con-boxed e-con e-parent\" data-id=\"bf1a424\" data-element_type=\"container\" data-settings=\"{&quot;background_background&quot;:&quot;classic&quot;}\">\n\t\t\t\t\t<div class=\"e-con-inner\">\n\t\t\t\t<div class=\"elementor-element elementor-element-54ddc1d elementor-widget elementor-widget-heading\" data-id=\"54ddc1d\" data-element_type=\"widget\" data-widget_type=\"heading.default\">\n\t\t\t\t<div class=\"elementor-widget-container\">\n\t\t\t\t\t<h2 class=\"elementor-heading-title elementor-size-default\">Corporate Law<\/h2>\t\t\t\t<\/div>\n\t\t\t\t<\/div>\n\t\t\t\t\t<\/div>\n\t\t\t\t<\/div>\n\t\t<div class=\"elementor-element elementor-element-ada6021 e-flex e-con-boxed e-con e-parent\" data-id=\"ada6021\" data-element_type=\"container\">\n\t\t\t\t\t<div class=\"e-con-inner\">\n\t\t\t\t<div class=\"elementor-element elementor-element-c2691d4 elementor-invisible elementor-widget elementor-widget-heading\" data-id=\"c2691d4\" data-element_type=\"widget\" data-settings=\"{&quot;_animation&quot;:&quot;fadeInDown&quot;}\" data-widget_type=\"heading.default\">\n\t\t\t\t<div class=\"elementor-widget-container\">\n\t\t\t\t\t<h2 class=\"elementor-heading-title elementor-size-default\">Grow safely in the United States. Our extensive experience ensures that every legal aspect of your business is handled with precision and efficiency.<\/h2>\t\t\t\t<\/div>\n\t\t\t\t<\/div>\n\t\t<div class=\"elementor-element elementor-element-9df9775 e-con-full e-flex e-con e-child\" data-id=\"9df9775\" data-element_type=\"container\">\n\t\t<div class=\"elementor-element elementor-element-762f42d e-con-full e-flex e-con e-child\" data-id=\"762f42d\" data-element_type=\"container\">\n\t\t\t\t<div class=\"elementor-element elementor-element-e85d0b3 elementor-widget elementor-widget-heading\" data-id=\"e85d0b3\" data-element_type=\"widget\" data-widget_type=\"heading.default\">\n\t\t\t\t<div class=\"elementor-widget-container\">\n\t\t\t\t\t<h2 class=\"elementor-heading-title elementor-size-default\">Corporate Governance<\/h2>\t\t\t\t<\/div>\n\t\t\t\t<\/div>\n\t\t\t\t<\/div>\n\t\t<div class=\"elementor-element elementor-element-1e3a2d8 e-con-full e-flex e-con e-child\" data-id=\"1e3a2d8\" data-element_type=\"container\">\n\t\t\t\t<div class=\"elementor-element elementor-element-5ac39e4 elementor-widget elementor-widget-heading\" data-id=\"5ac39e4\" data-element_type=\"widget\" data-widget_type=\"heading.default\">\n\t\t\t\t<div class=\"elementor-widget-container\">\n\t\t\t\t\t<h2 class=\"elementor-heading-title elementor-size-default\">Formation, structuring and operation of business entities<\/h2>\t\t\t\t<\/div>\n\t\t\t\t<\/div>\n\t\t\t\t<\/div>\n\t\t<div class=\"elementor-element elementor-element-5e290dd e-con-full e-flex e-con e-child\" data-id=\"5e290dd\" data-element_type=\"container\">\n\t\t\t\t<div class=\"elementor-element elementor-element-2dd7cd3 elementor-widget elementor-widget-heading\" data-id=\"2dd7cd3\" data-element_type=\"widget\" data-widget_type=\"heading.default\">\n\t\t\t\t<div class=\"elementor-widget-container\">\n\t\t\t\t\t<h2 class=\"elementor-heading-title elementor-size-default\">Startup law<\/h2>\t\t\t\t<\/div>\n\t\t\t\t<\/div>\n\t\t\t\t<\/div>\n\t\t\t\t<\/div>\n\t\t\t\t\t<\/div>\n\t\t\t\t<\/div>\n\t\t<div class=\"elementor-element elementor-element-dd36168 e-flex e-con-boxed e-con e-parent\" data-id=\"dd36168\" data-element_type=\"container\" data-settings=\"{&quot;background_background&quot;:&quot;classic&quot;}\">\n\t\t\t\t\t<div class=\"e-con-inner\">\n\t\t<div class=\"elementor-element elementor-element-28b42cd e-con-full e-flex e-con e-child\" data-id=\"28b42cd\" data-element_type=\"container\">\n\t\t<div class=\"elementor-element elementor-element-f1ed037 e-con-full e-flex e-con e-child\" data-id=\"f1ed037\" data-element_type=\"container\">\n\t\t\t\t<div class=\"elementor-element elementor-element-e9bbf7a elementor-widget elementor-widget-heading\" data-id=\"e9bbf7a\" data-element_type=\"widget\" data-widget_type=\"heading.default\">\n\t\t\t\t<div class=\"elementor-widget-container\">\n\t\t\t\t\t<h2 class=\"elementor-heading-title elementor-size-default\">Commercial law\/Real estate<\/h2>\t\t\t\t<\/div>\n\t\t\t\t<\/div>\n\t\t\t\t<\/div>\n\t\t<div class=\"elementor-element elementor-element-b02a823 e-con-full e-flex e-con e-child\" data-id=\"b02a823\" data-element_type=\"container\">\n\t\t\t\t<div class=\"elementor-element elementor-element-c36f322 elementor-widget elementor-widget-text-editor\" data-id=\"c36f322\" data-element_type=\"widget\" data-widget_type=\"text-editor.default\">\n\t\t\t\t<div class=\"elementor-widget-container\">\n\t\t\t\t\t\t\t\t\t<ul><li><span style=\"font-weight: 400;\">External in-house counsel<\/span><\/li><li><span style=\"font-weight: 400;\">Commercial agreements and disputes<\/span><\/li><li><span style=\"font-weight: 400;\">Real estate transactions<\/span><\/li><\/ul>\t\t\t\t\t\t\t\t<\/div>\n\t\t\t\t<\/div>\n\t\t\t\t<\/div>\n\t\t\t\t<\/div>\n\t\t<div class=\"elementor-element elementor-element-ea9ae28 e-con-full e-flex e-con e-child\" data-id=\"ea9ae28\" data-element_type=\"container\">\n\t\t<div class=\"elementor-element elementor-element-c3a89ae e-con-full e-flex e-con e-child\" data-id=\"c3a89ae\" data-element_type=\"container\">\n\t\t\t\t<div class=\"elementor-element elementor-element-3493cc3 elementor-widget elementor-widget-heading\" data-id=\"3493cc3\" data-element_type=\"widget\" data-widget_type=\"heading.default\">\n\t\t\t\t<div class=\"elementor-widget-container\">\n\t\t\t\t\t<h2 class=\"elementor-heading-title elementor-size-default\">Mergers and Acquisitions<\/h2>\t\t\t\t<\/div>\n\t\t\t\t<\/div>\n\t\t\t\t<\/div>\n\t\t<div class=\"elementor-element elementor-element-44567d6 e-con-full e-flex e-con e-child\" data-id=\"44567d6\" data-element_type=\"container\">\n\t\t\t\t<div class=\"elementor-element elementor-element-929abdc elementor-widget elementor-widget-text-editor\" data-id=\"929abdc\" data-element_type=\"widget\" data-widget_type=\"text-editor.default\">\n\t\t\t\t<div class=\"elementor-widget-container\">\n\t\t\t\t\t\t\t\t\t<ul><li><span style=\"font-weight: 400;\">Due diligence<\/span><\/li><li>Purchase\/sale of business\/assets<\/li><li><span style=\"font-weight: 400;\">Cross-border investments<\/span><\/li><\/ul>\t\t\t\t\t\t\t\t<\/div>\n\t\t\t\t<\/div>\n\t\t\t\t<\/div>\n\t\t\t\t<\/div>\n\t\t<div class=\"elementor-element elementor-element-fccd3fc e-con-full e-flex e-con e-child\" data-id=\"fccd3fc\" data-element_type=\"container\">\n\t\t<div class=\"elementor-element elementor-element-a94f35b e-con-full e-flex e-con e-child\" data-id=\"a94f35b\" data-element_type=\"container\">\n\t\t\t\t<div class=\"elementor-element elementor-element-7b3e1e5 elementor-widget elementor-widget-heading\" data-id=\"7b3e1e5\" data-element_type=\"widget\" data-widget_type=\"heading.default\">\n\t\t\t\t<div class=\"elementor-widget-container\">\n\t\t\t\t\t<h2 class=\"elementor-heading-title elementor-size-default\">Banking and Finances<\/h2>\t\t\t\t<\/div>\n\t\t\t\t<\/div>\n\t\t\t\t<\/div>\n\t\t<div class=\"elementor-element elementor-element-7cf91f5 e-con-full e-flex e-con e-child\" data-id=\"7cf91f5\" data-element_type=\"container\">\n\t\t\t\t<div class=\"elementor-element elementor-element-ba053d7 elementor-widget elementor-widget-text-editor\" data-id=\"ba053d7\" data-element_type=\"widget\" data-widget_type=\"text-editor.default\">\n\t\t\t\t<div class=\"elementor-widget-container\">\n\t\t\t\t\t\t\t\t\t<ul><li><span style=\"font-weight: 400;\">Lending transactions<\/span><\/li><li><span style=\"font-weight: 400;\">Securities offerings\/capital raises<\/span><\/li><li><span style=\"font-weight: 400;\">Regulatory compliance<\/span><\/li><\/ul>\t\t\t\t\t\t\t\t<\/div>\n\t\t\t\t<\/div>\n\t\t\t\t<\/div>\n\t\t\t\t<\/div>\n\t\t\t\t\t<\/div>\n\t\t\t\t<\/div>\n\t\t\t\t<\/div>","protected":false},"excerpt":{"rendered":"<p>Cres\u00e7a com seguran\u00e7a nos Estados Unidos. Nossa ampla experi\u00eancia garante que todos os aspectos jur\u00eddicos do seu neg\u00f3cio sejam tratados com precis\u00e3o e efici\u00eancia. Governan\u00e7a corporativa Forma\u00e7\u00e3o, estrutura\u00e7\u00e3o e opera\u00e7\u00e3o de empresas Direito para startups Direito comercial \/ Imobili\u00e1rio Consultoria e assessoria jur\u00eddica plena Contratos e disputas comerciais Transa\u00e7\u00f5es imobili\u00e1rias Fus\u00f5es e Aquisi\u00e7\u00f5es (M&amp;A) Due [&hellip;]<\/p>","protected":false},"author":1,"featured_media":0,"parent":0,"menu_order":0,"comment_status":"closed","ping_status":"closed","template":"","meta":{"_acf_changed":false,"footnotes":""},"class_list":["post-145","page","type-page","status-publish","hentry"],"acf":[],"yoast_head":"<!-- This site is optimized with the Yoast SEO plugin v26.7 - https:\/\/yoast.com\/wordpress\/plugins\/seo\/ -->\n<title>Direito Empresarial - Risch Law Firm<\/title>\n<meta name=\"robots\" content=\"index, follow, max-snippet:-1, max-image-preview:large, max-video-preview:-1\" \/>\n<link rel=\"canonical\" href=\"https:\/\/therischlawfirm.com\/en\/direito-empresarial\/\" \/>\n<meta property=\"og:locale\" content=\"en_US\" \/>\n<meta property=\"og:type\" content=\"article\" \/>\n<meta property=\"og:title\" content=\"Direito Empresarial - Risch Law Firm\" \/>\n<meta property=\"og:description\" content=\"Cres\u00e7a com seguran\u00e7a nos Estados Unidos. Nossa ampla experi\u00eancia garante que todos os aspectos jur\u00eddicos do seu neg\u00f3cio sejam tratados com precis\u00e3o e efici\u00eancia. Governan\u00e7a corporativa Forma\u00e7\u00e3o, estrutura\u00e7\u00e3o e opera\u00e7\u00e3o de empresas Direito para startups Direito comercial \/ Imobili\u00e1rio Consultoria e assessoria jur\u00eddica plena Contratos e disputas comerciais Transa\u00e7\u00f5es imobili\u00e1rias Fus\u00f5es e Aquisi\u00e7\u00f5es (M&amp;A) Due [&hellip;]\" \/>\n<meta property=\"og:url\" content=\"https:\/\/therischlawfirm.com\/en\/direito-empresarial\/\" \/>\n<meta property=\"og:site_name\" content=\"Risch Law Firm\" \/>\n<meta property=\"article:modified_time\" content=\"2025-02-06T18:16:31+00:00\" \/>\n<meta name=\"twitter:card\" content=\"summary_large_image\" \/>\n<meta name=\"twitter:label1\" content=\"Est. reading time\" \/>\n\t<meta name=\"twitter:data1\" content=\"1 minute\" \/>\n<script type=\"application\/ld+json\" class=\"yoast-schema-graph\">{\"@context\":\"https:\/\/schema.org\",\"@graph\":[{\"@type\":\"WebPage\",\"@id\":\"https:\/\/therischlawfirm.com\/en\/direito-empresarial\/\",\"url\":\"https:\/\/therischlawfirm.com\/en\/direito-empresarial\/\",\"name\":\"Direito Empresarial - Risch Law Firm\",\"isPartOf\":{\"@id\":\"https:\/\/therischlawfirm.com\/#website\"},\"datePublished\":\"2024-09-18T13:09:16+00:00\",\"dateModified\":\"2025-02-06T18:16:31+00:00\",\"breadcrumb\":{\"@id\":\"https:\/\/therischlawfirm.com\/en\/direito-empresarial\/#breadcrumb\"},\"inLanguage\":\"en-US\",\"potentialAction\":[{\"@type\":\"ReadAction\",\"target\":[\"https:\/\/therischlawfirm.com\/en\/direito-empresarial\/\"]}]},{\"@type\":\"BreadcrumbList\",\"@id\":\"https:\/\/therischlawfirm.com\/en\/direito-empresarial\/#breadcrumb\",\"itemListElement\":[{\"@type\":\"ListItem\",\"position\":1,\"name\":\"In\u00edcio\",\"item\":\"https:\/\/therischlawfirm.com\/\"},{\"@type\":\"ListItem\",\"position\":2,\"name\":\"Direito Empresarial\"}]},{\"@type\":\"WebSite\",\"@id\":\"https:\/\/therischlawfirm.com\/#website\",\"url\":\"https:\/\/therischlawfirm.com\/\",\"name\":\"Risch Law Firm\",\"description\":\"Escrit\u00f3rio de imigra\u00e7\u00e3o nos EUA\",\"publisher\":{\"@id\":\"https:\/\/therischlawfirm.com\/#organization\"},\"potentialAction\":[{\"@type\":\"SearchAction\",\"target\":{\"@type\":\"EntryPoint\",\"urlTemplate\":\"https:\/\/therischlawfirm.com\/?s={search_term_string}\"},\"query-input\":{\"@type\":\"PropertyValueSpecification\",\"valueRequired\":true,\"valueName\":\"search_term_string\"}}],\"inLanguage\":\"en-US\"},{\"@type\":\"Organization\",\"@id\":\"https:\/\/therischlawfirm.com\/#organization\",\"name\":\"Risch Law Firm\",\"url\":\"https:\/\/therischlawfirm.com\/\",\"logo\":{\"@type\":\"ImageObject\",\"inLanguage\":\"en-US\",\"@id\":\"https:\/\/therischlawfirm.com\/#\/schema\/logo\/image\/\",\"url\":\"https:\/\/therischlawfirm.com\/wp-content\/uploads\/2024\/08\/risch-law-logo-1-scaled.webp\",\"contentUrl\":\"https:\/\/therischlawfirm.com\/wp-content\/uploads\/2024\/08\/risch-law-logo-1-scaled.webp\",\"width\":2560,\"height\":1123,\"caption\":\"Risch Law Firm\"},\"image\":{\"@id\":\"https:\/\/therischlawfirm.com\/#\/schema\/logo\/image\/\"}}]}<\/script>\n<!-- \/ Yoast SEO plugin. -->","yoast_head_json":{"title":"Direito Empresarial - Risch Law Firm","robots":{"index":"index","follow":"follow","max-snippet":"max-snippet:-1","max-image-preview":"max-image-preview:large","max-video-preview":"max-video-preview:-1"},"canonical":"https:\/\/therischlawfirm.com\/en\/direito-empresarial\/","og_locale":"en_US","og_type":"article","og_title":"Direito Empresarial - Risch Law Firm","og_description":"Cres\u00e7a com seguran\u00e7a nos Estados Unidos. Nossa ampla experi\u00eancia garante que todos os aspectos jur\u00eddicos do seu neg\u00f3cio sejam tratados com precis\u00e3o e efici\u00eancia. Governan\u00e7a corporativa Forma\u00e7\u00e3o, estrutura\u00e7\u00e3o e opera\u00e7\u00e3o de empresas Direito para startups Direito comercial \/ Imobili\u00e1rio Consultoria e assessoria jur\u00eddica plena Contratos e disputas comerciais Transa\u00e7\u00f5es imobili\u00e1rias Fus\u00f5es e Aquisi\u00e7\u00f5es (M&amp;A) Due [&hellip;]","og_url":"https:\/\/therischlawfirm.com\/en\/direito-empresarial\/","og_site_name":"Risch Law Firm","article_modified_time":"2025-02-06T18:16:31+00:00","twitter_card":"summary_large_image","twitter_misc":{"Est. reading time":"1 minute"},"schema":{"@context":"https:\/\/schema.org","@graph":[{"@type":"WebPage","@id":"https:\/\/therischlawfirm.com\/en\/direito-empresarial\/","url":"https:\/\/therischlawfirm.com\/en\/direito-empresarial\/","name":"Direito Empresarial - Risch Law Firm","isPartOf":{"@id":"https:\/\/therischlawfirm.com\/#website"},"datePublished":"2024-09-18T13:09:16+00:00","dateModified":"2025-02-06T18:16:31+00:00","breadcrumb":{"@id":"https:\/\/therischlawfirm.com\/en\/direito-empresarial\/#breadcrumb"},"inLanguage":"en-US","potentialAction":[{"@type":"ReadAction","target":["https:\/\/therischlawfirm.com\/en\/direito-empresarial\/"]}]},{"@type":"BreadcrumbList","@id":"https:\/\/therischlawfirm.com\/en\/direito-empresarial\/#breadcrumb","itemListElement":[{"@type":"ListItem","position":1,"name":"In\u00edcio","item":"https:\/\/therischlawfirm.com\/"},{"@type":"ListItem","position":2,"name":"Direito Empresarial"}]},{"@type":"WebSite","@id":"https:\/\/therischlawfirm.com\/#website","url":"https:\/\/therischlawfirm.com\/","name":"Risch Law Firm","description":"Escrit\u00f3rio de imigra\u00e7\u00e3o nos EUA","publisher":{"@id":"https:\/\/therischlawfirm.com\/#organization"},"potentialAction":[{"@type":"SearchAction","target":{"@type":"EntryPoint","urlTemplate":"https:\/\/therischlawfirm.com\/?s={search_term_string}"},"query-input":{"@type":"PropertyValueSpecification","valueRequired":true,"valueName":"search_term_string"}}],"inLanguage":"en-US"},{"@type":"Organization","@id":"https:\/\/therischlawfirm.com\/#organization","name":"Risch Law Firm","url":"https:\/\/therischlawfirm.com\/","logo":{"@type":"ImageObject","inLanguage":"en-US","@id":"https:\/\/therischlawfirm.com\/#\/schema\/logo\/image\/","url":"https:\/\/therischlawfirm.com\/wp-content\/uploads\/2024\/08\/risch-law-logo-1-scaled.webp","contentUrl":"https:\/\/therischlawfirm.com\/wp-content\/uploads\/2024\/08\/risch-law-logo-1-scaled.webp","width":2560,"height":1123,"caption":"Risch Law Firm"},"image":{"@id":"https:\/\/therischlawfirm.com\/#\/schema\/logo\/image\/"}}]}},"_links":{"self":[{"href":"https:\/\/therischlawfirm.com\/en\/wp-json\/wp\/v2\/pages\/145","targetHints":{"allow":["GET"]}}],"collection":[{"href":"https:\/\/therischlawfirm.com\/en\/wp-json\/wp\/v2\/pages"}],"about":[{"href":"https:\/\/therischlawfirm.com\/en\/wp-json\/wp\/v2\/types\/page"}],"author":[{"embeddable":true,"href":"https:\/\/therischlawfirm.com\/en\/wp-json\/wp\/v2\/users\/1"}],"replies":[{"embeddable":true,"href":"https:\/\/therischlawfirm.com\/en\/wp-json\/wp\/v2\/comments?post=145"}],"version-history":[{"count":44,"href":"https:\/\/therischlawfirm.com\/en\/wp-json\/wp\/v2\/pages\/145\/revisions"}],"predecessor-version":[{"id":847,"href":"https:\/\/therischlawfirm.com\/en\/wp-json\/wp\/v2\/pages\/145\/revisions\/847"}],"wp:attachment":[{"href":"https:\/\/therischlawfirm.com\/en\/wp-json\/wp\/v2\/media?parent=145"}],"curies":[{"name":"wp","href":"https:\/\/api.w.org\/{rel}","templated":true}]}}