{"id":147,"date":"2024-09-18T13:09:26","date_gmt":"2024-09-18T13:09:26","guid":{"rendered":"https:\/\/therischlawfirm.com\/application\/?page_id=147"},"modified":"2025-02-06T15:17:32","modified_gmt":"2025-02-06T18:17:32","slug":"vistos-de-trabalho","status":"publish","type":"page","link":"https:\/\/therischlawfirm.com\/en\/vistos-de-trabalho\/","title":{"rendered":"Business Immigration"},"content":{"rendered":"<div data-elementor-type=\"wp-page\" data-elementor-id=\"147\" class=\"elementor elementor-147\" data-elementor-post-type=\"page\">\n\t\t\t\t<div class=\"elementor-element elementor-element-8e9e930 e-flex e-con-boxed e-con e-parent\" data-id=\"8e9e930\" data-element_type=\"container\" data-settings=\"{&quot;background_background&quot;:&quot;classic&quot;}\">\n\t\t\t\t\t<div class=\"e-con-inner\">\n\t\t\t\t<div class=\"elementor-element elementor-element-ea3f758 elementor-widget elementor-widget-heading\" data-id=\"ea3f758\" data-element_type=\"widget\" data-widget_type=\"heading.default\">\n\t\t\t\t<div class=\"elementor-widget-container\">\n\t\t\t\t\t<h2 class=\"elementor-heading-title elementor-size-default\">Business Immigration<\/h2>\t\t\t\t<\/div>\n\t\t\t\t<\/div>\n\t\t\t\t\t<\/div>\n\t\t\t\t<\/div>\n\t\t<div class=\"elementor-element elementor-element-cd227f9 e-flex e-con-boxed e-con e-parent\" data-id=\"cd227f9\" data-element_type=\"container\">\n\t\t\t\t\t<div class=\"e-con-inner\">\n\t\t\t\t<div class=\"elementor-element elementor-element-ce09b8a elementor-invisible elementor-widget elementor-widget-heading\" data-id=\"ce09b8a\" data-element_type=\"widget\" data-settings=\"{&quot;_animation&quot;:&quot;fadeInDown&quot;}\" data-widget_type=\"heading.default\">\n\t\t\t\t<div class=\"elementor-widget-container\">\n\t\t\t\t\t<h2 class=\"elementor-heading-title elementor-size-default\">Unlock new opportunities with our extensive experience in business immigration. We facilitate your entry and success in the USA market with precise and effective legal solutions.\n<\/h2>\t\t\t\t<\/div>\n\t\t\t\t<\/div>\n\t\t<div class=\"elementor-element elementor-element-d60401a e-con-full elementor-hidden-desktop elementor-hidden-tablet elementor-hidden-mobile e-flex e-con e-child\" data-id=\"d60401a\" data-element_type=\"container\">\n\t\t<div class=\"elementor-element elementor-element-5d2d408 e-con-full e-flex e-con e-child\" data-id=\"5d2d408\" data-element_type=\"container\">\n\t\t\t\t<div class=\"elementor-element elementor-element-e948b6c elementor-widget elementor-widget-heading\" data-id=\"e948b6c\" data-element_type=\"widget\" data-widget_type=\"heading.default\">\n\t\t\t\t<div class=\"elementor-widget-container\">\n\t\t\t\t\t<h2 class=\"elementor-heading-title elementor-size-default\">Corporate Strategy &amp; Complience<\/h2>\t\t\t\t<\/div>\n\t\t\t\t<\/div>\n\t\t\t\t<\/div>\n\t\t<div class=\"elementor-element elementor-element-d028ecc e-con-full e-flex e-con e-child\" data-id=\"d028ecc\" data-element_type=\"container\">\n\t\t\t\t<div class=\"elementor-element elementor-element-cb06cbe elementor-widget elementor-widget-heading\" data-id=\"cb06cbe\" data-element_type=\"widget\" data-widget_type=\"heading.default\">\n\t\t\t\t<div class=\"elementor-widget-container\">\n\t\t\t\t\t<h2 class=\"elementor-heading-title elementor-size-default\">Federal Litigation <\/h2>\t\t\t\t<\/div>\n\t\t\t\t<\/div>\n\t\t\t\t<\/div>\n\t\t<div class=\"elementor-element elementor-element-20de1c7 e-con-full e-flex e-con e-child\" data-id=\"20de1c7\" data-element_type=\"container\">\n\t\t\t\t<div class=\"elementor-element elementor-element-371547b elementor-widget elementor-widget-heading\" data-id=\"371547b\" data-element_type=\"widget\" data-widget_type=\"heading.default\">\n\t\t\t\t<div class=\"elementor-widget-container\">\n\t\t\t\t\t<h2 class=\"elementor-heading-title elementor-size-default\">Consular Processing<\/h2>\t\t\t\t<\/div>\n\t\t\t\t<\/div>\n\t\t\t\t<\/div>\n\t\t<div class=\"elementor-element elementor-element-13c8240 e-con-full e-flex e-con e-child\" data-id=\"13c8240\" data-element_type=\"container\">\n\t\t\t\t<div class=\"elementor-element elementor-element-8c642cd elementor-widget elementor-widget-heading\" data-id=\"8c642cd\" data-element_type=\"widget\" data-widget_type=\"heading.default\">\n\t\t\t\t<div class=\"elementor-widget-container\">\n\t\t\t\t\t<h2 class=\"elementor-heading-title elementor-size-default\">Global Mobility <\/h2>\t\t\t\t<\/div>\n\t\t\t\t<\/div>\n\t\t\t\t<\/div>\n\t\t\t\t<\/div>\n\t\t\t\t\t<\/div>\n\t\t\t\t<\/div>\n\t\t<div class=\"elementor-element elementor-element-55e3849 e-flex e-con-boxed e-con e-parent\" data-id=\"55e3849\" data-element_type=\"container\" data-settings=\"{&quot;background_background&quot;:&quot;classic&quot;}\">\n\t\t\t\t\t<div class=\"e-con-inner\">\n\t\t<div class=\"elementor-element elementor-element-4b320b1 e-con-full e-flex e-con e-child\" data-id=\"4b320b1\" data-element_type=\"container\">\n\t\t<div class=\"elementor-element elementor-element-dbd0b78 e-con-full e-flex e-con e-child\" data-id=\"dbd0b78\" data-element_type=\"container\">\n\t\t\t\t<\/div>\n\t\t<div class=\"elementor-element elementor-element-6d53206 e-con-full e-flex e-con e-child\" data-id=\"6d53206\" data-element_type=\"container\">\n\t\t\t\t<div class=\"elementor-element elementor-element-7d4c452 elementor-widget elementor-widget-text-editor\" data-id=\"7d4c452\" data-element_type=\"widget\" data-widget_type=\"text-editor.default\">\n\t\t\t\t<div class=\"elementor-widget-container\">\n\t\t\t\t\t\t\t\t\t<ul><li data-leveltext=\"\uf0b7\" data-font=\"Symbol\" data-listid=\"5\" data-list-defn-props=\"{&quot;335552541&quot;:1,&quot;335559685&quot;:720,&quot;335559991&quot;:360,&quot;469769226&quot;:&quot;Symbol&quot;,&quot;469769242&quot;:[8226],&quot;469777803&quot;:&quot;left&quot;,&quot;469777804&quot;:&quot;\uf0b7&quot;,&quot;469777815&quot;:&quot;hybridMultilevel&quot;}\" aria-setsize=\"-1\" data-aria-posinset=\"1\" data-aria-level=\"1\">H-1B, H-1B1, and E-3 Visas for Specialty Occupation Work<\/li><li data-leveltext=\"\uf0b7\" data-font=\"Symbol\" data-listid=\"5\" data-list-defn-props=\"{&quot;335552541&quot;:1,&quot;335559685&quot;:720,&quot;335559991&quot;:360,&quot;469769226&quot;:&quot;Symbol&quot;,&quot;469769242&quot;:[8226],&quot;469777803&quot;:&quot;left&quot;,&quot;469777804&quot;:&quot;\uf0b7&quot;,&quot;469777815&quot;:&quot;hybridMultilevel&quot;}\" aria-setsize=\"-1\" data-aria-posinset=\"1\" data-aria-level=\"1\">Visto TN &#8220;Com\u00e9rcio NAFTA&#8221; para Profissionais Canadenses e Mexicanos<\/li><li data-leveltext=\"\uf0b7\" data-font=\"Symbol\" data-listid=\"5\" data-list-defn-props=\"{&quot;335552541&quot;:1,&quot;335559685&quot;:720,&quot;335559991&quot;:360,&quot;469769226&quot;:&quot;Symbol&quot;,&quot;469769242&quot;:[8226],&quot;469777803&quot;:&quot;left&quot;,&quot;469777804&quot;:&quot;\uf0b7&quot;,&quot;469777815&quot;:&quot;hybridMultilevel&quot;}\" aria-setsize=\"-1\" data-aria-posinset=\"1\" data-aria-level=\"1\">E-1 and E-2 Visas for \u201cTreaty Traders \/ Treaty Investors\u201d and Critical Employees of the Treaty Country<\/li><li data-leveltext=\"\uf0b7\" data-font=\"Symbol\" data-listid=\"5\" data-list-defn-props=\"{&quot;335552541&quot;:1,&quot;335559685&quot;:720,&quot;335559991&quot;:360,&quot;469769226&quot;:&quot;Symbol&quot;,&quot;469769242&quot;:[8226],&quot;469777803&quot;:&quot;left&quot;,&quot;469777804&quot;:&quot;\uf0b7&quot;,&quot;469777815&quot;:&quot;hybridMultilevel&quot;}\" aria-setsize=\"-1\" data-aria-posinset=\"1\" data-aria-level=\"1\">L-1 Visa for \u201cIntra-Company Transfer\u201d of Managers and Specialized Workers<\/li><\/ul>\t\t\t\t\t\t\t\t<\/div>\n\t\t\t\t<\/div>\n\t\t\t\t<div class=\"elementor-element elementor-element-a03e0cb elementor-widget elementor-widget-text-editor\" data-id=\"a03e0cb\" data-element_type=\"widget\" data-widget_type=\"text-editor.default\">\n\t\t\t\t<div class=\"elementor-widget-container\">\n\t\t\t\t\t\t\t\t\t<ul><li data-leveltext=\"\uf0b7\" data-font=\"Symbol\" data-listid=\"5\" data-list-defn-props=\"{&quot;335552541&quot;:1,&quot;335559685&quot;:720,&quot;335559991&quot;:360,&quot;469769226&quot;:&quot;Symbol&quot;,&quot;469769242&quot;:[8226],&quot;469777803&quot;:&quot;left&quot;,&quot;469777804&quot;:&quot;\uf0b7&quot;,&quot;469777815&quot;:&quot;hybridMultilevel&quot;}\" aria-setsize=\"-1\" data-aria-posinset=\"1\" data-aria-level=\"1\">O-1 Visa for \u201cIndividuals with Extraordinary Ability\u201d in sciences, arts, education, business, and athletics<\/li><li data-leveltext=\"\uf0b7\" data-font=\"Symbol\" data-listid=\"5\" data-list-defn-props=\"{&quot;335552541&quot;:1,&quot;335559685&quot;:720,&quot;335559991&quot;:360,&quot;469769226&quot;:&quot;Symbol&quot;,&quot;469769242&quot;:[8226],&quot;469777803&quot;:&quot;left&quot;,&quot;469777804&quot;:&quot;\uf0b7&quot;,&quot;469777815&quot;:&quot;hybridMultilevel&quot;}\" aria-setsize=\"-1\" data-aria-posinset=\"1\" data-aria-level=\"1\">B-1 Visa in Lieu of H-1B or H-3 for Certain Business Visitors or Interns<\/li><li data-leveltext=\"\uf0b7\" data-font=\"Symbol\" data-listid=\"5\" data-list-defn-props=\"{&quot;335552541&quot;:1,&quot;335559685&quot;:720,&quot;335559991&quot;:360,&quot;469769226&quot;:&quot;Symbol&quot;,&quot;469769242&quot;:[8226],&quot;469777803&quot;:&quot;left&quot;,&quot;469777804&quot;:&quot;\uf0b7&quot;,&quot;469777815&quot;:&quot;hybridMultilevel&quot;}\" aria-setsize=\"-1\" data-aria-posinset=\"1\" data-aria-level=\"1\">H-3 Visa for Trainees<\/li><li data-leveltext=\"\uf0b7\" data-font=\"Symbol\" data-listid=\"5\" data-list-defn-props=\"{&quot;335552541&quot;:1,&quot;335559685&quot;:720,&quot;335559991&quot;:360,&quot;469769226&quot;:&quot;Symbol&quot;,&quot;469769242&quot;:[8226],&quot;469777803&quot;:&quot;left&quot;,&quot;469777804&quot;:&quot;\uf0b7&quot;,&quot;469777815&quot;:&quot;hybridMultilevel&quot;}\" aria-setsize=\"-1\" data-aria-posinset=\"1\" data-aria-level=\"1\">J-1 Visa for Exchange Visitors, Teachers, Researchers, Physicians (in exchange programs), Au Pairs, and others<\/li><li data-leveltext=\"\uf0b7\" data-font=\"Symbol\" data-listid=\"5\" data-list-defn-props=\"{&quot;335552541&quot;:1,&quot;335559685&quot;:720,&quot;335559991&quot;:360,&quot;469769226&quot;:&quot;Symbol&quot;,&quot;469769242&quot;:[8226],&quot;469777803&quot;:&quot;left&quot;,&quot;469777804&quot;:&quot;\uf0b7&quot;,&quot;469777815&quot;:&quot;hybridMultilevel&quot;}\" aria-setsize=\"-1\" data-aria-posinset=\"1\" data-aria-level=\"1\">P Visa for Athletes, Artists, or Entertainers<\/li><li data-leveltext=\"\uf0b7\" data-font=\"Symbol\" data-listid=\"5\" data-list-defn-props=\"{&quot;335552541&quot;:1,&quot;335559685&quot;:720,&quot;335559991&quot;:360,&quot;469769226&quot;:&quot;Symbol&quot;,&quot;469769242&quot;:[8226],&quot;469777803&quot;:&quot;left&quot;,&quot;469777804&quot;:&quot;\uf0b7&quot;,&quot;469777815&quot;:&quot;hybridMultilevel&quot;}\" aria-setsize=\"-1\" data-aria-posinset=\"1\" data-aria-level=\"1\">Q Visa for International Cultural Exchange Visitors<\/li><li data-leveltext=\"\uf0b7\" data-font=\"Symbol\" data-listid=\"5\" data-list-defn-props=\"{&quot;335552541&quot;:1,&quot;335559685&quot;:720,&quot;335559991&quot;:360,&quot;469769226&quot;:&quot;Symbol&quot;,&quot;469769242&quot;:[8226],&quot;469777803&quot;:&quot;left&quot;,&quot;469777804&quot;:&quot;\uf0b7&quot;,&quot;469777815&quot;:&quot;hybridMultilevel&quot;}\" aria-setsize=\"-1\" data-aria-posinset=\"1\" data-aria-level=\"1\">R-1 Visa for Religious\u00a0Workers<\/li><\/ul>\t\t\t\t\t\t\t\t<\/div>\n\t\t\t\t<\/div>\n\t\t\t\t<\/div>\n\t\t\t\t<\/div>\n\t\t\t\t\t<\/div>\n\t\t\t\t<\/div>\n\t\t\t\t<\/div>","protected":false},"excerpt":{"rendered":"<p>Desbrave novas oportunidades com nossa vasta experi\u00eancia em imigra\u00e7\u00e3o empresarial. Facilitamos a sua entrada e sucesso no mercado dos EUA com solu\u00e7\u00f5es jur\u00eddicas precisas e eficazes. Corporate Strategy &amp; Complience Federal Litigation Consular Processing Global Mobility Vistos H-1B, H-1B1 e E-3 para Trabalhadores de Ocupa\u00e7\u00e3o Especializada Visto TN &#8220;Com\u00e9rcio NAFTA&#8221; para Profissionais Canadenses e Mexicanos [&hellip;]<\/p>","protected":false},"author":1,"featured_media":0,"parent":0,"menu_order":0,"comment_status":"closed","ping_status":"closed","template":"","meta":{"_acf_changed":false,"footnotes":""},"class_list":["post-147","page","type-page","status-publish","hentry"],"acf":[],"yoast_head":"<!-- This site is optimized with the Yoast SEO plugin v26.7 - https:\/\/yoast.com\/wordpress\/plugins\/seo\/ -->\n<title>Vistos de Trabalho - Risch Law Firm<\/title>\n<meta name=\"robots\" content=\"index, follow, max-snippet:-1, max-image-preview:large, max-video-preview:-1\" \/>\n<link rel=\"canonical\" href=\"https:\/\/therischlawfirm.com\/en\/vistos-de-trabalho\/\" \/>\n<meta property=\"og:locale\" content=\"en_US\" \/>\n<meta property=\"og:type\" content=\"article\" \/>\n<meta property=\"og:title\" content=\"Vistos de Trabalho - Risch Law Firm\" \/>\n<meta property=\"og:description\" content=\"Desbrave novas oportunidades com nossa vasta experi\u00eancia em imigra\u00e7\u00e3o empresarial. Facilitamos a sua entrada e sucesso no mercado dos EUA com solu\u00e7\u00f5es jur\u00eddicas precisas e eficazes. Corporate Strategy &amp; Complience Federal Litigation Consular Processing Global Mobility Vistos H-1B, H-1B1 e E-3 para Trabalhadores de Ocupa\u00e7\u00e3o Especializada Visto TN &#8220;Com\u00e9rcio NAFTA&#8221; para Profissionais Canadenses e Mexicanos [&hellip;]\" \/>\n<meta property=\"og:url\" content=\"https:\/\/therischlawfirm.com\/en\/vistos-de-trabalho\/\" \/>\n<meta property=\"og:site_name\" content=\"Risch Law Firm\" \/>\n<meta property=\"article:modified_time\" content=\"2025-02-06T18:17:32+00:00\" \/>\n<meta name=\"twitter:card\" content=\"summary_large_image\" \/>\n<meta name=\"twitter:label1\" content=\"Est. reading time\" \/>\n\t<meta name=\"twitter:data1\" content=\"1 minute\" \/>\n<script type=\"application\/ld+json\" class=\"yoast-schema-graph\">{\"@context\":\"https:\/\/schema.org\",\"@graph\":[{\"@type\":\"WebPage\",\"@id\":\"https:\/\/therischlawfirm.com\/en\/vistos-de-trabalho\/\",\"url\":\"https:\/\/therischlawfirm.com\/en\/vistos-de-trabalho\/\",\"name\":\"Vistos de Trabalho - Risch Law Firm\",\"isPartOf\":{\"@id\":\"https:\/\/therischlawfirm.com\/#website\"},\"datePublished\":\"2024-09-18T13:09:26+00:00\",\"dateModified\":\"2025-02-06T18:17:32+00:00\",\"breadcrumb\":{\"@id\":\"https:\/\/therischlawfirm.com\/en\/vistos-de-trabalho\/#breadcrumb\"},\"inLanguage\":\"en-US\",\"potentialAction\":[{\"@type\":\"ReadAction\",\"target\":[\"https:\/\/therischlawfirm.com\/en\/vistos-de-trabalho\/\"]}]},{\"@type\":\"BreadcrumbList\",\"@id\":\"https:\/\/therischlawfirm.com\/en\/vistos-de-trabalho\/#breadcrumb\",\"itemListElement\":[{\"@type\":\"ListItem\",\"position\":1,\"name\":\"In\u00edcio\",\"item\":\"https:\/\/therischlawfirm.com\/\"},{\"@type\":\"ListItem\",\"position\":2,\"name\":\"Vistos de Trabalho\"}]},{\"@type\":\"WebSite\",\"@id\":\"https:\/\/therischlawfirm.com\/#website\",\"url\":\"https:\/\/therischlawfirm.com\/\",\"name\":\"Risch Law Firm\",\"description\":\"Escrit\u00f3rio de imigra\u00e7\u00e3o nos EUA\",\"publisher\":{\"@id\":\"https:\/\/therischlawfirm.com\/#organization\"},\"potentialAction\":[{\"@type\":\"SearchAction\",\"target\":{\"@type\":\"EntryPoint\",\"urlTemplate\":\"https:\/\/therischlawfirm.com\/?s={search_term_string}\"},\"query-input\":{\"@type\":\"PropertyValueSpecification\",\"valueRequired\":true,\"valueName\":\"search_term_string\"}}],\"inLanguage\":\"en-US\"},{\"@type\":\"Organization\",\"@id\":\"https:\/\/therischlawfirm.com\/#organization\",\"name\":\"Risch Law Firm\",\"url\":\"https:\/\/therischlawfirm.com\/\",\"logo\":{\"@type\":\"ImageObject\",\"inLanguage\":\"en-US\",\"@id\":\"https:\/\/therischlawfirm.com\/#\/schema\/logo\/image\/\",\"url\":\"https:\/\/therischlawfirm.com\/wp-content\/uploads\/2024\/08\/risch-law-logo-1-scaled.webp\",\"contentUrl\":\"https:\/\/therischlawfirm.com\/wp-content\/uploads\/2024\/08\/risch-law-logo-1-scaled.webp\",\"width\":2560,\"height\":1123,\"caption\":\"Risch Law Firm\"},\"image\":{\"@id\":\"https:\/\/therischlawfirm.com\/#\/schema\/logo\/image\/\"}}]}<\/script>\n<!-- \/ Yoast SEO plugin. -->","yoast_head_json":{"title":"Vistos de Trabalho - Risch Law Firm","robots":{"index":"index","follow":"follow","max-snippet":"max-snippet:-1","max-image-preview":"max-image-preview:large","max-video-preview":"max-video-preview:-1"},"canonical":"https:\/\/therischlawfirm.com\/en\/vistos-de-trabalho\/","og_locale":"en_US","og_type":"article","og_title":"Vistos de Trabalho - Risch Law Firm","og_description":"Desbrave novas oportunidades com nossa vasta experi\u00eancia em imigra\u00e7\u00e3o empresarial. Facilitamos a sua entrada e sucesso no mercado dos EUA com solu\u00e7\u00f5es jur\u00eddicas precisas e eficazes. Corporate Strategy &amp; Complience Federal Litigation Consular Processing Global Mobility Vistos H-1B, H-1B1 e E-3 para Trabalhadores de Ocupa\u00e7\u00e3o Especializada Visto TN &#8220;Com\u00e9rcio NAFTA&#8221; para Profissionais Canadenses e Mexicanos [&hellip;]","og_url":"https:\/\/therischlawfirm.com\/en\/vistos-de-trabalho\/","og_site_name":"Risch Law Firm","article_modified_time":"2025-02-06T18:17:32+00:00","twitter_card":"summary_large_image","twitter_misc":{"Est. reading time":"1 minute"},"schema":{"@context":"https:\/\/schema.org","@graph":[{"@type":"WebPage","@id":"https:\/\/therischlawfirm.com\/en\/vistos-de-trabalho\/","url":"https:\/\/therischlawfirm.com\/en\/vistos-de-trabalho\/","name":"Vistos de Trabalho - Risch Law Firm","isPartOf":{"@id":"https:\/\/therischlawfirm.com\/#website"},"datePublished":"2024-09-18T13:09:26+00:00","dateModified":"2025-02-06T18:17:32+00:00","breadcrumb":{"@id":"https:\/\/therischlawfirm.com\/en\/vistos-de-trabalho\/#breadcrumb"},"inLanguage":"en-US","potentialAction":[{"@type":"ReadAction","target":["https:\/\/therischlawfirm.com\/en\/vistos-de-trabalho\/"]}]},{"@type":"BreadcrumbList","@id":"https:\/\/therischlawfirm.com\/en\/vistos-de-trabalho\/#breadcrumb","itemListElement":[{"@type":"ListItem","position":1,"name":"In\u00edcio","item":"https:\/\/therischlawfirm.com\/"},{"@type":"ListItem","position":2,"name":"Vistos de Trabalho"}]},{"@type":"WebSite","@id":"https:\/\/therischlawfirm.com\/#website","url":"https:\/\/therischlawfirm.com\/","name":"Risch Law Firm","description":"Escrit\u00f3rio de imigra\u00e7\u00e3o nos EUA","publisher":{"@id":"https:\/\/therischlawfirm.com\/#organization"},"potentialAction":[{"@type":"SearchAction","target":{"@type":"EntryPoint","urlTemplate":"https:\/\/therischlawfirm.com\/?s={search_term_string}"},"query-input":{"@type":"PropertyValueSpecification","valueRequired":true,"valueName":"search_term_string"}}],"inLanguage":"en-US"},{"@type":"Organization","@id":"https:\/\/therischlawfirm.com\/#organization","name":"Risch Law Firm","url":"https:\/\/therischlawfirm.com\/","logo":{"@type":"ImageObject","inLanguage":"en-US","@id":"https:\/\/therischlawfirm.com\/#\/schema\/logo\/image\/","url":"https:\/\/therischlawfirm.com\/wp-content\/uploads\/2024\/08\/risch-law-logo-1-scaled.webp","contentUrl":"https:\/\/therischlawfirm.com\/wp-content\/uploads\/2024\/08\/risch-law-logo-1-scaled.webp","width":2560,"height":1123,"caption":"Risch Law Firm"},"image":{"@id":"https:\/\/therischlawfirm.com\/#\/schema\/logo\/image\/"}}]}},"_links":{"self":[{"href":"https:\/\/therischlawfirm.com\/en\/wp-json\/wp\/v2\/pages\/147","targetHints":{"allow":["GET"]}}],"collection":[{"href":"https:\/\/therischlawfirm.com\/en\/wp-json\/wp\/v2\/pages"}],"about":[{"href":"https:\/\/therischlawfirm.com\/en\/wp-json\/wp\/v2\/types\/page"}],"author":[{"embeddable":true,"href":"https:\/\/therischlawfirm.com\/en\/wp-json\/wp\/v2\/users\/1"}],"replies":[{"embeddable":true,"href":"https:\/\/therischlawfirm.com\/en\/wp-json\/wp\/v2\/comments?post=147"}],"version-history":[{"count":47,"href":"https:\/\/therischlawfirm.com\/en\/wp-json\/wp\/v2\/pages\/147\/revisions"}],"predecessor-version":[{"id":850,"href":"https:\/\/therischlawfirm.com\/en\/wp-json\/wp\/v2\/pages\/147\/revisions\/850"}],"wp:attachment":[{"href":"https:\/\/therischlawfirm.com\/en\/wp-json\/wp\/v2\/media?parent=147"}],"curies":[{"name":"wp","href":"https:\/\/api.w.org\/{rel}","templated":true}]}}