{"id":151,"date":"2024-09-18T13:09:48","date_gmt":"2024-09-18T13:09:48","guid":{"rendered":"https:\/\/therischlawfirm.com\/application\/?page_id=151"},"modified":"2025-02-06T15:19:22","modified_gmt":"2025-02-06T18:19:22","slug":"direito-internacional-da-pessoa","status":"publish","type":"page","link":"https:\/\/therischlawfirm.com\/en\/direito-internacional-da-pessoa\/","title":{"rendered":"International Protection"},"content":{"rendered":"<div data-elementor-type=\"wp-page\" data-elementor-id=\"151\" class=\"elementor elementor-151\" data-elementor-post-type=\"page\">\n\t\t\t\t<div class=\"elementor-element elementor-element-723b742 e-flex e-con-boxed e-con e-parent\" data-id=\"723b742\" data-element_type=\"container\" data-settings=\"{&quot;background_background&quot;:&quot;classic&quot;}\">\n\t\t\t\t\t<div class=\"e-con-inner\">\n\t\t\t\t<div class=\"elementor-element elementor-element-b1c6073 elementor-widget elementor-widget-heading\" data-id=\"b1c6073\" data-element_type=\"widget\" data-widget_type=\"heading.default\">\n\t\t\t\t<div class=\"elementor-widget-container\">\n\t\t\t\t\t<h2 class=\"elementor-heading-title elementor-size-default\">International Protection<\/h2>\t\t\t\t<\/div>\n\t\t\t\t<\/div>\n\t\t\t\t\t<\/div>\n\t\t\t\t<\/div>\n\t\t<div class=\"elementor-element elementor-element-e2bd0d0 e-flex e-con-boxed e-con e-parent\" data-id=\"e2bd0d0\" data-element_type=\"container\">\n\t\t\t\t\t<div class=\"e-con-inner\">\n\t\t\t\t<div class=\"elementor-element elementor-element-9899121 elementor-invisible elementor-widget elementor-widget-heading\" data-id=\"9899121\" data-element_type=\"widget\" data-settings=\"{&quot;_animation&quot;:&quot;fadeInDown&quot;}\" data-widget_type=\"heading.default\">\n\t\t\t\t<div class=\"elementor-widget-container\">\n\t\t\t\t\t<h2 class=\"elementor-heading-title elementor-size-default\">Ensure your global security with our international protection advice. We offer our knowledge and skills in this field to protect your rights and interests in the United States.<\/h2>\t\t\t\t<\/div>\n\t\t\t\t<\/div>\n\t\t<div class=\"elementor-element elementor-element-d915214 e-con-full e-flex e-con e-child\" data-id=\"d915214\" data-element_type=\"container\">\n\t\t<div class=\"elementor-element elementor-element-9ac1d5b e-con-full e-flex e-con e-child\" data-id=\"9ac1d5b\" data-element_type=\"container\">\n\t\t\t\t<div class=\"elementor-element elementor-element-bf69e5f elementor-widget elementor-widget-heading\" data-id=\"bf69e5f\" data-element_type=\"widget\" data-widget_type=\"heading.default\">\n\t\t\t\t<div class=\"elementor-widget-container\">\n\t\t\t\t\t<h2 class=\"elementor-heading-title elementor-size-default\">Interpol <\/h2>\t\t\t\t<\/div>\n\t\t\t\t<\/div>\n\t\t\t\t<\/div>\n\t\t<div class=\"elementor-element elementor-element-c86545d e-con-full e-flex e-con e-child\" data-id=\"c86545d\" data-element_type=\"container\">\n\t\t\t\t<div class=\"elementor-element elementor-element-e21d012 elementor-widget elementor-widget-heading\" data-id=\"e21d012\" data-element_type=\"widget\" data-widget_type=\"heading.default\">\n\t\t\t\t<div class=\"elementor-widget-container\">\n\t\t\t\t\t<h2 class=\"elementor-heading-title elementor-size-default\">Asylum<\/h2>\t\t\t\t<\/div>\n\t\t\t\t<\/div>\n\t\t\t\t<\/div>\n\t\t<div class=\"elementor-element elementor-element-890af14 e-con-full e-flex e-con e-child\" data-id=\"890af14\" data-element_type=\"container\">\n\t\t\t\t<div class=\"elementor-element elementor-element-36bdd0b elementor-widget elementor-widget-heading\" data-id=\"36bdd0b\" data-element_type=\"widget\" data-widget_type=\"heading.default\">\n\t\t\t\t<div class=\"elementor-widget-container\">\n\t\t\t\t\t<h2 class=\"elementor-heading-title elementor-size-default\">Consular Processing<\/h2>\t\t\t\t<\/div>\n\t\t\t\t<\/div>\n\t\t\t\t<\/div>\n\t\t\t\t<\/div>\n\t\t<div class=\"elementor-element elementor-element-33137b1 e-con-full e-flex e-con e-child\" data-id=\"33137b1\" data-element_type=\"container\">\n\t\t<div class=\"elementor-element elementor-element-eb9f4a7 e-con-full e-flex e-con e-child\" data-id=\"eb9f4a7\" data-element_type=\"container\">\n\t\t\t\t<\/div>\n\t\t<div class=\"elementor-element elementor-element-1f19c83 e-con-full e-flex e-con e-child\" data-id=\"1f19c83\" data-element_type=\"container\">\n\t\t\t\t<div class=\"elementor-element elementor-element-d14533f elementor-widget elementor-widget-heading\" data-id=\"d14533f\" data-element_type=\"widget\" data-widget_type=\"heading.default\">\n\t\t\t\t<div class=\"elementor-widget-container\">\n\t\t\t\t\t<h2 class=\"elementor-heading-title elementor-size-default\">Human Rights<\/h2>\t\t\t\t<\/div>\n\t\t\t\t<\/div>\n\t\t\t\t<\/div>\n\t\t<div class=\"elementor-element elementor-element-eabcf84 e-con-full e-flex e-con e-child\" data-id=\"eabcf84\" data-element_type=\"container\">\n\t\t\t\t<div class=\"elementor-element elementor-element-0295a67 elementor-widget elementor-widget-heading\" data-id=\"0295a67\" data-element_type=\"widget\" data-widget_type=\"heading.default\">\n\t\t\t\t<div class=\"elementor-widget-container\">\n\t\t\t\t\t<h2 class=\"elementor-heading-title elementor-size-default\">Visa Revocations and Denials<\/h2>\t\t\t\t<\/div>\n\t\t\t\t<\/div>\n\t\t\t\t<\/div>\n\t\t<div class=\"elementor-element elementor-element-f501e9f e-con-full e-flex e-con e-child\" data-id=\"f501e9f\" data-element_type=\"container\">\n\t\t\t\t<\/div>\n\t\t\t\t<\/div>\n\t\t\t\t\t<\/div>\n\t\t\t\t<\/div>\n\t\t\t\t<\/div>","protected":false},"excerpt":{"rendered":"<p>Garanta sua seguran\u00e7a global com nossos conselhos de prote\u00e7\u00e3o internacional. Oferecemos nosso conhecimento e habilidades nesta \u00e1rea para proteger seus direitos e interesses nos Estados Unidos. Interpol Asilo Processo consular Direitos humanos Vistos revogados e negados<\/p>","protected":false},"author":1,"featured_media":0,"parent":0,"menu_order":0,"comment_status":"closed","ping_status":"closed","template":"","meta":{"_acf_changed":false,"footnotes":""},"class_list":["post-151","page","type-page","status-publish","hentry"],"acf":[],"yoast_head":"<!-- This site is optimized with the Yoast SEO plugin v26.7 - https:\/\/yoast.com\/wordpress\/plugins\/seo\/ -->\n<title>Direito Internacional da Pessoa - Risch Law Firm<\/title>\n<meta name=\"robots\" content=\"index, follow, max-snippet:-1, max-image-preview:large, max-video-preview:-1\" \/>\n<link rel=\"canonical\" href=\"https:\/\/therischlawfirm.com\/en\/direito-internacional-da-pessoa\/\" \/>\n<meta property=\"og:locale\" content=\"en_US\" \/>\n<meta property=\"og:type\" content=\"article\" \/>\n<meta property=\"og:title\" content=\"Direito Internacional da Pessoa - Risch Law Firm\" \/>\n<meta property=\"og:description\" content=\"Garanta sua seguran\u00e7a global com nossos conselhos de prote\u00e7\u00e3o internacional. Oferecemos nosso conhecimento e habilidades nesta \u00e1rea para proteger seus direitos e interesses nos Estados Unidos. Interpol Asilo Processo consular Direitos humanos Vistos revogados e negados\" \/>\n<meta property=\"og:url\" content=\"https:\/\/therischlawfirm.com\/en\/direito-internacional-da-pessoa\/\" \/>\n<meta property=\"og:site_name\" content=\"Risch Law Firm\" \/>\n<meta property=\"article:modified_time\" content=\"2025-02-06T18:19:22+00:00\" \/>\n<meta name=\"twitter:card\" content=\"summary_large_image\" \/>\n<meta name=\"twitter:label1\" content=\"Est. reading time\" \/>\n\t<meta name=\"twitter:data1\" content=\"1 minute\" \/>\n<script type=\"application\/ld+json\" class=\"yoast-schema-graph\">{\"@context\":\"https:\/\/schema.org\",\"@graph\":[{\"@type\":\"WebPage\",\"@id\":\"https:\/\/therischlawfirm.com\/en\/direito-internacional-da-pessoa\/\",\"url\":\"https:\/\/therischlawfirm.com\/en\/direito-internacional-da-pessoa\/\",\"name\":\"Direito Internacional da Pessoa - Risch Law Firm\",\"isPartOf\":{\"@id\":\"https:\/\/therischlawfirm.com\/#website\"},\"datePublished\":\"2024-09-18T13:09:48+00:00\",\"dateModified\":\"2025-02-06T18:19:22+00:00\",\"breadcrumb\":{\"@id\":\"https:\/\/therischlawfirm.com\/en\/direito-internacional-da-pessoa\/#breadcrumb\"},\"inLanguage\":\"en-US\",\"potentialAction\":[{\"@type\":\"ReadAction\",\"target\":[\"https:\/\/therischlawfirm.com\/en\/direito-internacional-da-pessoa\/\"]}]},{\"@type\":\"BreadcrumbList\",\"@id\":\"https:\/\/therischlawfirm.com\/en\/direito-internacional-da-pessoa\/#breadcrumb\",\"itemListElement\":[{\"@type\":\"ListItem\",\"position\":1,\"name\":\"In\u00edcio\",\"item\":\"https:\/\/therischlawfirm.com\/\"},{\"@type\":\"ListItem\",\"position\":2,\"name\":\"Direito Internacional da Pessoa\"}]},{\"@type\":\"WebSite\",\"@id\":\"https:\/\/therischlawfirm.com\/#website\",\"url\":\"https:\/\/therischlawfirm.com\/\",\"name\":\"Risch Law Firm\",\"description\":\"Escrit\u00f3rio de imigra\u00e7\u00e3o nos EUA\",\"publisher\":{\"@id\":\"https:\/\/therischlawfirm.com\/#organization\"},\"potentialAction\":[{\"@type\":\"SearchAction\",\"target\":{\"@type\":\"EntryPoint\",\"urlTemplate\":\"https:\/\/therischlawfirm.com\/?s={search_term_string}\"},\"query-input\":{\"@type\":\"PropertyValueSpecification\",\"valueRequired\":true,\"valueName\":\"search_term_string\"}}],\"inLanguage\":\"en-US\"},{\"@type\":\"Organization\",\"@id\":\"https:\/\/therischlawfirm.com\/#organization\",\"name\":\"Risch Law Firm\",\"url\":\"https:\/\/therischlawfirm.com\/\",\"logo\":{\"@type\":\"ImageObject\",\"inLanguage\":\"en-US\",\"@id\":\"https:\/\/therischlawfirm.com\/#\/schema\/logo\/image\/\",\"url\":\"https:\/\/therischlawfirm.com\/wp-content\/uploads\/2024\/08\/risch-law-logo-1-scaled.webp\",\"contentUrl\":\"https:\/\/therischlawfirm.com\/wp-content\/uploads\/2024\/08\/risch-law-logo-1-scaled.webp\",\"width\":2560,\"height\":1123,\"caption\":\"Risch Law Firm\"},\"image\":{\"@id\":\"https:\/\/therischlawfirm.com\/#\/schema\/logo\/image\/\"}}]}<\/script>\n<!-- \/ Yoast SEO plugin. -->","yoast_head_json":{"title":"Direito Internacional da Pessoa - Risch Law Firm","robots":{"index":"index","follow":"follow","max-snippet":"max-snippet:-1","max-image-preview":"max-image-preview:large","max-video-preview":"max-video-preview:-1"},"canonical":"https:\/\/therischlawfirm.com\/en\/direito-internacional-da-pessoa\/","og_locale":"en_US","og_type":"article","og_title":"Direito Internacional da Pessoa - Risch Law Firm","og_description":"Garanta sua seguran\u00e7a global com nossos conselhos de prote\u00e7\u00e3o internacional. Oferecemos nosso conhecimento e habilidades nesta \u00e1rea para proteger seus direitos e interesses nos Estados Unidos. Interpol Asilo Processo consular Direitos humanos Vistos revogados e negados","og_url":"https:\/\/therischlawfirm.com\/en\/direito-internacional-da-pessoa\/","og_site_name":"Risch Law Firm","article_modified_time":"2025-02-06T18:19:22+00:00","twitter_card":"summary_large_image","twitter_misc":{"Est. reading time":"1 minute"},"schema":{"@context":"https:\/\/schema.org","@graph":[{"@type":"WebPage","@id":"https:\/\/therischlawfirm.com\/en\/direito-internacional-da-pessoa\/","url":"https:\/\/therischlawfirm.com\/en\/direito-internacional-da-pessoa\/","name":"Direito Internacional da Pessoa - Risch Law Firm","isPartOf":{"@id":"https:\/\/therischlawfirm.com\/#website"},"datePublished":"2024-09-18T13:09:48+00:00","dateModified":"2025-02-06T18:19:22+00:00","breadcrumb":{"@id":"https:\/\/therischlawfirm.com\/en\/direito-internacional-da-pessoa\/#breadcrumb"},"inLanguage":"en-US","potentialAction":[{"@type":"ReadAction","target":["https:\/\/therischlawfirm.com\/en\/direito-internacional-da-pessoa\/"]}]},{"@type":"BreadcrumbList","@id":"https:\/\/therischlawfirm.com\/en\/direito-internacional-da-pessoa\/#breadcrumb","itemListElement":[{"@type":"ListItem","position":1,"name":"In\u00edcio","item":"https:\/\/therischlawfirm.com\/"},{"@type":"ListItem","position":2,"name":"Direito Internacional da Pessoa"}]},{"@type":"WebSite","@id":"https:\/\/therischlawfirm.com\/#website","url":"https:\/\/therischlawfirm.com\/","name":"Risch Law Firm","description":"Escrit\u00f3rio de imigra\u00e7\u00e3o nos EUA","publisher":{"@id":"https:\/\/therischlawfirm.com\/#organization"},"potentialAction":[{"@type":"SearchAction","target":{"@type":"EntryPoint","urlTemplate":"https:\/\/therischlawfirm.com\/?s={search_term_string}"},"query-input":{"@type":"PropertyValueSpecification","valueRequired":true,"valueName":"search_term_string"}}],"inLanguage":"en-US"},{"@type":"Organization","@id":"https:\/\/therischlawfirm.com\/#organization","name":"Risch Law Firm","url":"https:\/\/therischlawfirm.com\/","logo":{"@type":"ImageObject","inLanguage":"en-US","@id":"https:\/\/therischlawfirm.com\/#\/schema\/logo\/image\/","url":"https:\/\/therischlawfirm.com\/wp-content\/uploads\/2024\/08\/risch-law-logo-1-scaled.webp","contentUrl":"https:\/\/therischlawfirm.com\/wp-content\/uploads\/2024\/08\/risch-law-logo-1-scaled.webp","width":2560,"height":1123,"caption":"Risch Law Firm"},"image":{"@id":"https:\/\/therischlawfirm.com\/#\/schema\/logo\/image\/"}}]}},"_links":{"self":[{"href":"https:\/\/therischlawfirm.com\/en\/wp-json\/wp\/v2\/pages\/151","targetHints":{"allow":["GET"]}}],"collection":[{"href":"https:\/\/therischlawfirm.com\/en\/wp-json\/wp\/v2\/pages"}],"about":[{"href":"https:\/\/therischlawfirm.com\/en\/wp-json\/wp\/v2\/types\/page"}],"author":[{"embeddable":true,"href":"https:\/\/therischlawfirm.com\/en\/wp-json\/wp\/v2\/users\/1"}],"replies":[{"embeddable":true,"href":"https:\/\/therischlawfirm.com\/en\/wp-json\/wp\/v2\/comments?post=151"}],"version-history":[{"count":29,"href":"https:\/\/therischlawfirm.com\/en\/wp-json\/wp\/v2\/pages\/151\/revisions"}],"predecessor-version":[{"id":856,"href":"https:\/\/therischlawfirm.com\/en\/wp-json\/wp\/v2\/pages\/151\/revisions\/856"}],"wp:attachment":[{"href":"https:\/\/therischlawfirm.com\/en\/wp-json\/wp\/v2\/media?parent=151"}],"curies":[{"name":"wp","href":"https:\/\/api.w.org\/{rel}","templated":true}]}}